{"id":443,"date":"2018-10-24T01:20:36","date_gmt":"2018-10-23T22:20:36","guid":{"rendered":"http:\/\/drkaratutlu.com\/en\/?page_id=443"},"modified":"2023-03-26T23:51:22","modified_gmt":"2023-03-26T20:51:22","slug":"book-chapters","status":"publish","type":"page","link":"http:\/\/drkaratutlu.com\/en\/tr\/book-chapters\/","title":{"rendered":"Kitap B\u00f6l\u00fcmleri"},"content":{"rendered":"<h1>A. Karatutlu, PhD in Physics<\/h1>\n<p><a href=\"https:\/\/www.researchgate.net\/profile\/A_Karatutlu\">Researchgate profile<\/a><\/p>\n<p><a href=\"https:\/\/scholar.google.co.uk\/citations?user=vCvQyAUAAAAJ&amp;hl=en&amp;authuser=1\">Google scholar profile<\/a><\/p>\n<p><a href=\"https:\/\/orcid.org\/0000-0002-8819-4916\">Orcid #: 0000-0002-8819-4916<\/a><\/p>\n<h1><span style=\"color: #ff0000;\">Kitap B\u00f6l\u00fcmleri<\/span><\/h1>\n\n\n<p>[5] <strong>Ali Karatutlu<\/strong>, Elif Yapar Y\u0131ld\u0131r\u0131m, Zehra Gizem Mutlay, B\u00fclend Orta\u00e7, <strong><a href=\"https:\/\/www.ebooks.com\/en-us\/book\/210650022\/technical-organic-and-inorganic-fibres-from-natural-resources\/ibrahim-h-mondal\/\">Specialty Optical Fibers and Cables- Synthesis, Structure, and Applications<\/a>, <\/strong>\u00a0Editor: Md. Ibrahim H. Mondal, Smart Textiles from Natural Resources\u00a0\/\u00a0<a>Technical\u00a0<\/a>Organic and Inorganic Fibres\u00a0from Natural Resources Accepted for publication by Woodhead Publishing and will be available in March 2024 in Elsevier.<\/p>\n\n\n<p>[4] Elif Yapar Y\u0131ld\u0131r\u0131m &amp; <strong>Ali Karatutlu,<\/strong> <strong>Chapter 23. Advances in fiber sensing devices decorated with functionalized nanomaterials<\/strong>, Editors: Ahmed Barhoum, Zeynep Altintas, Part III. Sensing materials, Fundamentals of Sensor Technology Principles and Novel Designs, Paperback ISBN: 9780323884310 3rd April 2023 by Woodhead Publishing and available here:<\/p>\n<p>https:\/\/www.elsevier.com\/books\/fundamentals-of-sensor-technology\/barhoum\/978-0-323-88431-0<\/p>\n<p><strong>[3] Ali Karatutlu, <\/strong>Elif Yapar Y\u0131ld\u0131r\u0131m, B\u00fclend Orta\u00e7<strong> Fundamentals of Laser-generated Nanoparticles in Liquid-phase, <\/strong>KLAUS D. SATTLER (Editor ) 21st Century Nanoscience \u2013 A Handbook: Low-Dimensional Materials and Morphologies (Volume Four) ISBN 9780815355281Published August 10, 2020 by CRC Press<\/p>\n<p><a href=\"https:\/\/www.crcpress.com\/21st-Century-Nanoscience-A-Handbook-Low-Dimensional-Materials-and-Morphologies\/Sattler\/p\/book\/9780815355281\">https:\/\/www.crcpress.com\/21st-Century-Nanoscience-A-Handbook-Low-Dimensional-Materials-and-Morphologies\/Sattler\/p\/book\/9780815355281<\/a><\/p>\n<p><strong>[2] A. KARATUTLU<\/strong>, A. BARHOUM &amp; A. SAPELKIN, <strong>Chapter 1:<\/strong> <span style=\"color: #ff0000;\"><strong>Liquid-phase Synthesis Of Nanoparticles And Nanostructured Materials<\/strong><\/span>, A. BARHOUM &amp; A. S. H. MAKHLOUF [Editors], Emerging Applications Of Nanoparticles And Architecture Nanostructures(1 &#8211; 20), ISBN: 978-0-323-51254-1, ABD: Elsevier, 10 May 2018,<\/p>\n<p><img loading=\"lazy\" decoding=\"async\" class=\"publication-cover-image\" src=\"https:\/\/ars.els-cdn.com\/content\/image\/3-s2.0-C2016001906X-cov150h.gif\" alt=\"Emerging Applications of Nanoparticles and Architecture Nanostructures\" width=\"179\" height=\"220\" \/><\/p>\n<p><a href=\"https:\/\/www.sciencedirect.com\/science\/article\/pii\/B9780323512541000014\">https:\/\/www.sciencedirect.com\/science\/article\/pii\/B9780323512541000014<\/a><\/p>\n<p><strong>[1] KARATUTLU<\/strong>, A. BARHOUM &amp; A. SAPELKIN, <strong>Chapter 20:<\/strong> <span style=\"color: #ff0000;\"><strong>Theories Of Nanoparticle and<\/strong><strong> Nanostructure Formation In Liquid Phase<\/strong><\/span>, A. S. H. MAKHLOUF &amp; A. BARHOUM [Editors], <em>Emerging Applications Of Nanoparticles And Architecture<\/em><em> Nanostructures<\/em>(597 &#8211; 618), ISBN: 978-0-323-51254-1, ABD: Elsevier, 10 May 2018<\/p>\n<p><img loading=\"lazy\" decoding=\"async\" class=\"publication-cover-image\" src=\"https:\/\/ars.els-cdn.com\/content\/image\/3-s2.0-C2016001906X-cov150h.gif\" alt=\"Emerging Applications of Nanoparticles and Architecture Nanostructures\" width=\"184\" height=\"226\" \/><\/p>\n<p><a href=\"https:\/\/www.sciencedirect.com\/science\/article\/pii\/B9780323512541000208\">https:\/\/www.sciencedirect.com\/science\/article\/pii\/B9780323512541000208<\/a><\/p>","protected":false},"excerpt":{"rendered":"<p>A. Karatutlu, PhD in Physics Researchgate profile Google scholar profile Orcid #: 0000-0002-8819-4916 Book Chapters [5] Ali Karatutlu, Elif Yapar Y\u0131ld\u0131r\u0131m, Zehra Gizem Mutlay, B\u00fclend Orta\u00e7, Specialty Optical Fibers and Cables- Synthesis, Structure, and Applications, \u00a0Editor: Md. Ibrahim H. Mondal, Smart Textiles from Natural Resources\u00a0\/\u00a0Technical\u00a0Organic and Inorganic Fibres\u00a0from Natural Resources Accepted for publication by Woodhead [&hellip;]<\/p>","protected":false},"author":1,"featured_media":0,"parent":0,"menu_order":0,"comment_status":"closed","ping_status":"closed","template":"","meta":{"footnotes":""},"class_list":["post-443","page","type-page","status-publish","hentry"],"_links":{"self":[{"href":"http:\/\/drkaratutlu.com\/en\/tr\/wp-json\/wp\/v2\/pages\/443","targetHints":{"allow":["GET"]}}],"collection":[{"href":"http:\/\/drkaratutlu.com\/en\/tr\/wp-json\/wp\/v2\/pages"}],"about":[{"href":"http:\/\/drkaratutlu.com\/en\/tr\/wp-json\/wp\/v2\/types\/page"}],"author":[{"embeddable":true,"href":"http:\/\/drkaratutlu.com\/en\/tr\/wp-json\/wp\/v2\/users\/1"}],"replies":[{"embeddable":true,"href":"http:\/\/drkaratutlu.com\/en\/tr\/wp-json\/wp\/v2\/comments?post=443"}],"version-history":[{"count":6,"href":"http:\/\/drkaratutlu.com\/en\/tr\/wp-json\/wp\/v2\/pages\/443\/revisions"}],"predecessor-version":[{"id":960,"href":"http:\/\/drkaratutlu.com\/en\/tr\/wp-json\/wp\/v2\/pages\/443\/revisions\/960"}],"wp:attachment":[{"href":"http:\/\/drkaratutlu.com\/en\/tr\/wp-json\/wp\/v2\/media?parent=443"}],"curies":[{"name":"wp","href":"https:\/\/api.w.org\/{rel}","templated":true}]}}