{"id":1033,"date":"2026-04-13T17:24:19","date_gmt":"2026-04-13T14:24:19","guid":{"rendered":"http:\/\/drkaratutlu.com\/en\/?page_id=1033"},"modified":"2026-04-13T19:02:05","modified_gmt":"2026-04-13T16:02:05","slug":"review-relavant-papers","status":"publish","type":"page","link":"http:\/\/drkaratutlu.com\/en\/review-relavant-papers\/","title":{"rendered":"Relevant publications"},"content":{"rendered":"\n<h2 class=\"wp-block-heading\">Ali Karatutlu<\/h2>\n\n\n\n<p><strong>Silicon Photonics &amp; Integrated Optics<\/strong><\/p>\n\n\n\n<p>Phase-Shifted Bragg-Grating Consisting of Silicon Oxynitride Doped Silicon and Silica Alternating Layers Lab-on-Fiber for Biosensors with Ultrahigh Sensitivity and Ultralow Loss. T.E. Tabaru, A. Karatutlu, B. Orta\u00e7. Optics &amp; Laser Technology, Vol. 167, pp. 109693 (2023).<\/p>\n\n\n\n<p>Low-Temperature Synthesis of Silicon Oxynitride-Doped Si for Tunable Bragg Gratings Homogeneously Deposited on Si, SiO\u2082, and Borosilicate Substrates. A. Karatutlu, T.E. Tabaru, B. Orta\u00e7. Advanced Optical Materials (2023).<\/p>\n\n\n\n<p>Decalin-assisted light emitting porous Si formation and its optical, surface and morphological properties, Karatutlu A, Istengir S, Cosgun S, Seker I, Unal B. Appl Surf Sci 2017;422:498\u2013503. doi:10.1016\/j.apsusc.2017.06.057.<\/p>\n\n\n\n<p><strong>Nanophotonics &amp; Advanced Optical Materials<\/strong><\/p>\n\n\n\n<p>Spatiotemporal Confinements of Distance-Dependent Emitters for Enhancing Plasmonic Signals,&nbsp;Yusuf Aslan, Esma Derin, Kutay Sagdic, Timu\u00e7in Emre Tabaru, <strong>Ali Karatutlu<\/strong>, B\u00fclend Orta\u00e7, and Fatih Inci, <em>ACS Appl. Mater. Interfaces<\/em> 2026 Vol 18\/Issue 7 doi: 10.1021\/acsami.5c24749<\/p>\n\n\n\n<p>Cutting-Edge Advances in Tailoring Size, Shape, and Functionality of Nanoparticles and Nanostructures: A Review. V. Harish, M.M. Ansari, D. Tewari, A.B. Yadav, N. Sharma, S. Bawarig, &#8230; A. Karatutlu, &#8230; Journal of the Taiwan Institute of Chemical Engineers, Vol. 149, pp. 105010 (2023).<\/p>\n\n\n\n<p>Engineering of the High-Power Laser-Induced Synthesis of Ni-Based Metal-Organic Framework: Investigation of Optical Properties and Computational Methodology. S. Mutlu, B. Orta\u00e7, A. Karatutlu, T. Gorkan, E. Durgun, D. S\u00f6yler, S. S\u00f6ylemez, &#8230; Advanced Materials Technologies (2024).<\/p>\n\n\n\n<p>A Systematic Study on Au-capped Si Nanowhiskers for Size-Dependent Improved Biosensing Applications, \u0130. Seker, A. Karatutlu, K Golcuk, M. Karakiz, B. Orta\u00e7,, Plasmonics, 15:1739\u20131745 (2020) DOI: 10.1007\/s11468-020-01195-7<\/p>\n\n\n\n<p>Spectroscopic Super-Resolution Fluorescence Cell Imaging Using Ultra-Small Ge Quantum Dots. M. Song, A. Karatutlu, I. Ali, O. Ersoy, Y. Zhou, Y. Yang, Y. Zhang, W.R. Little, &#8230; Optics Express, Vol. 25, No. 4, pp. 4240-4253 (2017).<\/p>\n\n\n\n<p>Synthesis and structure of free-standing Germanium quantum dots and their application in live cell imaging Ali Karatutlu, Mingying Song, Ann P. Wheeler, Osman Ersoy, William R. Little, Yuanpeng Zhang, Pascal Puech, Filippo S. Boi, Zofia Luklinska, Andrei V. Sapelkin. RSC Advances 02\/2015; 5(26-26):20566-20573. Click doi:10.1039\/c5ra01529d<\/p>\n\n\n\n<p><strong>Optical Fiber &amp; Waveguide Engineering<\/strong><\/p>\n\n\n\n<p>Fabrication of Biaxial Polarization-Maintaining Optical Fiber with Ultra-Low Bending-Dependent Polarization Extinction Ratio Deterioration. A. Karatutlu, E. Yapar Y\u0131ld\u0131r\u0131m, E. Kendir, Y. Midilli, S. Ak\u00e7imen, B. Orta\u00e7.<\/p>\n\n\n\n<p>Combined Method for the Fabrication of High-Power Cladding Light Stripper Using a Buffered Oxide Etchant. E.Y. Y\u0131ld\u0131r\u0131m, A. Karatutlu, E.T. Balk, Y. Midilli, B. Orta\u00e7. Applied Optics, Vol. 58, No. 25, pp. 6926-6933 (2019).<\/p>\n\n\n\n<p>Atomic layer deposition of zirconium oxide thin film on an optical fiber for cladding light strippers, A. Karatutlu, <a href=\"http:\/\/journals.tubitak.gov.tr\/physics\/issues\/fiz-20-44-1\/fiz-44-1-5-1908-6.pdf\">, <\/a>Turkish Journal of Physics, DOI: <a href=\"http:\/\/journals.tubitak.gov.tr\/physics\/issues\/fiz-20-44-1\/fiz-44-1-5-1908-6.pdf\">10.3906\/fiz-1908-6<\/a>, Available online: 07.01.2020<\/p>\n\n\n\n<h2 class=\"wp-block-heading\">Timu\u00e7in Emre Tabaru<\/h2>\n\n\n\n<p><strong>Silicon Photonics &amp; Integrated Optics<\/strong><\/p>\n\n\n\n<p>Phase-Shifted Bragg-Grating Consisting of Silicon Oxynitride Doped Silicon and Silica Alternating Layers Lab-on-Fiber for Biosensors with Ultrahigh Sensitivity and Ultralow Loss. T.E. Tabaru, A. Karatutlu, B. Orta\u00e7. Optics &amp; Laser Technology, Vol. 167, pp. 109693 (2023).<\/p>\n\n\n\n<p>Low-Temperature Synthesis of Silicon Oxynitride-Doped Si for Tunable Bragg Gratings Homogeneously Deposited on Si, SiO\u2082, and Borosilicate Substrates. A. Karatutlu, T.E. Tabaru, B. Orta\u00e7. Advanced Optical Materials (2023).<\/p>\n\n\n\n<p><strong>Nanophotonics &amp; Advanced Optical Materials<\/strong><\/p>\n\n\n\n<p>Spatiotemporal Confinements of Distance-Dependent Emitters for Enhancing Plasmonic Signals,&nbsp;Yusuf Aslan, Esma Derin, Kutay Sagdic, Timu\u00e7in Emre Tabaru, <strong>Ali Karatutlu<\/strong>, B\u00fclend Orta\u00e7, and Fatih Inci, <em>ACS Appl. Mater. Interfaces<\/em> 2026 Vol 18\/Issue 7 doi: 10.1021\/acsami.5c24749<\/p>\n\n\n\n<p>Sensitive hybrid plasmonic refractive index sensor based on Ag cross-grating nanoantenna and Au quantum dot upon SiO\u2082 Nanowire, AK SANLI, VT K\u0131l\u0131\u00e7, TE Tabaru, Physica Scripta 101, 145508<\/p>\n\n\n\n<p>O-Ring Shaped Multiresonant Wavelength Selective Plasmonic Nanoemitter Compatible with Thermal Management, A Demir, TE Tabaru, Plasmonics, 3429\u20133439<\/p>\n\n\n\n<p><strong>Fiber Optic Sensing &amp; Waveguide Engineering<\/strong><\/p>\n\n\n\n<p>High sensitive fast gamma radiation sensor based on Yb-doped optical fiber: offline and online detection, E Kendir Tekg\u00fcl, \u015e Yaltkaya, T Emre Tabaru, B Orta\u00e7, Journal of Physics: Photonics 8 (1), 015034<\/p>\n\n\n\n<p>A Simple, High Sensitive Fiber Optic Microphone Based on Cellulose Triacetate Diaphragm. S.E. Hayber, T.E. Tabaru, S. Keser, O.G. Saracoglu. Journal of Lightwave Technology, Vol. 36, No. 23, pp. 5650-5655 (2018).<\/p>\n\n\n\n<p>A Novel Approach Based on Simulation of Tunable MEMS Diaphragm for Extrinsic Fabry\u2013Perot Sensors. S.E. Hayber, T.E. Tabaru, O.G. Saracoglu. Optics Communications, Vol. 430, pp. 14-23 (2019).<\/p>\n\n\n\n<p>Evanescent Field Absorption-Based Fiber Optic Sensor for Detecting Power Transformer Oil Degradation. \u015e.E. Hayber, T.E. Tabaru, M. G\u00fc\u00e7yetmez. Fiber and Integrated Optics, Vol. 40, No. 4-6, pp. 229-248 (2021).<\/p>\n\n\n\n<p>The Experimental Validation of Designed Fiber Optic Pressure Sensors with EPDM Diaphragm. \u015e.E. Hayber, U. Aydemir, T.E. Tabaru, \u00d6.G. Sara\u00e7o\u011flu. IEEE Sensors Journal, Vol. 19, No. 14, pp. 5680-5685 (2019).<\/p>\n\n\n\n<p>The Temperature Effect on U and Coil Shaped POF Sensors to Detect Refractive Index Change. T.E. Tabaru. Fiber and Integrated Optics, Vol. 40, No. 1, pp. 48-69 (2021).<\/p>\n\n\n\n<p>Highly Sensitive ZnO-Doped PET Diaphragm-Based Fiber Optic Microphone. T.E. Tabaru, N. G\u00fcne\u015f, G. Bay\u0131rba\u011f, A. Erdal. Sensors and Actuators A: Physical, Vol. 378, pp. 115807 (2024).<\/p>\n\n\n\n<p><strong>Optical Sensors &amp; Photonics<\/strong><\/p>\n\n\n\n<p>Design and Analysis of Low Profile and Low SAR Full-Textile UWB Wearable Antenna with Metamaterial for WBAN Applications. H. Yalduz, T.E. Tabaru, V.T. Kilic, M. Turkmen. AEU-International Journal of Electronics and Communications, Vol. 126, pp. 153465 (2020).<\/p>\n\n\n\n<p>Triple Band Diamond-Shaped Polarization Insensitive Plasmonic Nano Emitter for Thermal Camouflage and Radiative Cooling. A.K. \u015eanl\u0131, T.E. Tabaru, V.T. K\u0131l\u0131\u00e7. Optical and Quantum Electronics, Vol. 56, pp. 1074 (2024).<\/p>\n\n\n\n<p>Deep Learning and Machine Learning Based Highly Accurate Reflection Prediction Model for Multi Layers Anti-Reflection Coatings. S. Oktay, \u0130. Duru, H. Bak\u0131r, T.E. Tabaru. Optical and Quantum Electronics, Vol. 57, No. 1, pp. 101 (2025).<\/p>\n\n\n\n<p>Frequency Domain Analysis of Laser and Acoustic Pressure Parameters in Photoacoustic Wave Equation for Acoustic Pressure Sensor Designs. T.E. Tabaru, S.E. Hayber, O.G. Saracoglu. Current Optics and Photonics, Vol. 2, No. 3, pp. 250-260 (2018).<\/p>\n\n\n\n<p>A novel approach based on simulation of tunable MEMS diaphragm for extrinsic Fabry\u2013Perot sensors, SE Hayber, TE Tabaru, OG Saracoglu, Optics Communications 430, 14-23<\/p>\n\n\n\n<p>A simple, high sensitive fiber optic microphone based on cellulose triacetate diaphragm, SE Hayber, TE Tabaru, S Keser, OG Saracoglu, Journal of Lightwave Technology 36 (23), 5650-5655<\/p>\n\n\n\n<p>Frequency domain analysis of laser and acoustic pressure parameters in photoacoustic wave equation for acoustic pressure sensor designs, TE Tabaru, SE Hayber, OG Saracoglu, Current Optics and Photonics 2 (3), 250-260<\/p>\n\n\n\n<h2 class=\"wp-block-heading\">Mustafa Demirta\u015f<\/h2>\n\n\n\n<p><strong>Integrated Photonics &amp; On-Chip Optical Systems<\/strong><\/p>\n\n\n\n<p>Design and Optimization of Oxide Material-Based Single-Mode Rib Waveguides for Photonic Integrated Circuits, H Gencal, M Demirta\u015f, U Aydemir, Balkan Journal of Electrical and Computer Engineering 13 (3), 279-285<\/p>\n\n\n\n<p>Enhancing InGaN LED performance via ALD-grown Al2O3 sidewall passivation, HM Bayraml\u0131, M Genc, O Y\u00fccel, B Bulut, A Bek, M Demirtas, Physica Scripta 100 (4), 045902<\/p>\n\n\n\n<p>Low Loss Atomic Layer Deposited Al\u2082O\u2083 Waveguides for Applications in On-Chip Optical Amplifiers. M. Demirta\u015f, C. Odac\u0131, N.K. Perkg\u00f6z, C. Sevik, F. Ay. IEEE Journal of Selected Topics in Quantum Electronics, Vol. 24, No. 4, pp. 1-8 (2018).<\/p>\n\n\n\n<p>High-Gain Er\u00b3\u207a:Al\u2082O\u2083 On-Chip Waveguide Amplifiers. M. Demirta\u015f, F. Ay. IEEE Journal of Selected Topics in Quantum Electronics, Vol. 26, No. 5, pp. 1-8 (2020).<\/p>\n\n\n\n<p>Polarization Insensitive Single Mode Al\u2082O\u2083 Rib Waveguide Design for Applications in Active and Passive Optical Waveguides. F.A. \u00d6zden, M. Demirta\u015f. Journal of the European Optical Society-Rapid Publications, Vol. 10 (2015).<\/p>\n\n\n\n<p>Extensive Mode Mapping and Novel Polarization Filter Design for ALD Grown Al\u2082O\u2083 Ridge Waveguides. M. Demirta\u015f, A. \u00d6zden, E. A\u00e7ikba\u015f, F. Ay. Optical and Quantum Electronics, Vol. 48, No. 7, pp. 1-12 (2016).<\/p>\n\n\n\n<p>Controlled ALD doping of Er3+ for active on-chip waveguide amplifiers based on Al2O3, M Demirta\u015f, NK Perkg\u00f6z, F Ay, Integrated Optics: Devices, Materials, and Technologies XXV 11689, 88-96<\/p>\n\n\n\n<p><strong>Advanced Optical Materials &amp; 2D Semiconductors<\/strong><\/p>\n\n\n\n<p>Layer and Size Distribution Control of CVD-Grown 2D MoS\u2082 Using ALD-Deposited MoO\u2083 Structures as the Precursor. M. Demirta\u015f, C. Odac\u0131, Y. Shehu, N.K. Perkg\u00f6z, F. Ay. Materials Science in Semiconductor Processing, Vol. 108, pp. 104880 (2020).<\/p>\n\n\n\n<p>MoS\u2082 Phototransistor Sensitized by Colloidal Semiconductor Quantum Wells. H. Sar, N. Taghipour, I.W. Lisheshar, S. Delikanli, M. Demirta\u015f, H.V. Demir, &#8230; Advanced Optical Materials, Vol. 8, No. 24, pp. 2001198 (2020).<\/p>\n\n\n\n<p>Investigation of Thermal Annealing Effects on MoO\u2083 Thin Film by Atomic Layer Deposition. M. Demirta\u015f. Optical and Quantum Electronics, Vol. 53, No. 2, pp. 79 (2021).<\/p>\n\n\n\n<p><strong>LiDAR-Specific Applications<\/strong><\/p>\n\n\n\n<p>FDTD Simulations on The Single-Mode Operation of SiON-Doped Si Waveguides for LIDAR Applications. T.E.T. Iremnur Duru, A.K. Sanli, M. Ari, A. Karatutlu, M. Demirta\u015f. ELECO (2025).<\/p>\n\n\n\n<p>Design and Optimization of Oxide Material-Based Single-Mode Rib Waveguides for Photonic Integrated Circuits. H. Gencal, M. Demirta\u015f, U. Aydemir. Balkan Journal of Electrical and Computer Engineering, Vol. 13, No. 3, pp. 279-285 (2025).<\/p>\n\n\n\n<p>Lithium Niobate-Based Single-Mode Rib Waveguide: Design and Parameter Optimization. H. Gencal, M. Demirta\u015f, U. Aydemir. 2025 9th International Symposium on Innovative Approaches in Smart Technologies (2025).<\/p>\n\n\n\n<p>Enhancing InGaN LED Performance via ALD-Grown Al\u2082O\u2083 Sidewall Passivation. H.M. Bayraml\u0131, M. Genc, O. Y\u00fccel, B. Bulut, A. Bek, M. Demirtas. Physica Scripta, Vol. 100, No. 4, pp. 045902 (2025).<\/p>\n","protected":false},"excerpt":{"rendered":"<p>Ali Karatutlu Silicon Photonics &amp; Integrated Optics Phase-Shifted Bragg-Grating Consisting of Silicon Oxynitride Doped Silicon and Silica Alternating Layers Lab-on-Fiber for Biosensors with Ultrahigh Sensitivity and Ultralow Loss. T.E. Tabaru, A. Karatutlu, B. Orta\u00e7. Optics &amp; Laser Technology, Vol. 167, pp. 109693 (2023). Low-Temperature Synthesis of Silicon Oxynitride-Doped Si for Tunable Bragg Gratings Homogeneously Deposited [&hellip;]<\/p>\n","protected":false},"author":1,"featured_media":0,"parent":0,"menu_order":0,"comment_status":"closed","ping_status":"closed","template":"","meta":{"footnotes":""},"class_list":["post-1033","page","type-page","status-publish","hentry"],"_links":{"self":[{"href":"http:\/\/drkaratutlu.com\/en\/wp-json\/wp\/v2\/pages\/1033","targetHints":{"allow":["GET"]}}],"collection":[{"href":"http:\/\/drkaratutlu.com\/en\/wp-json\/wp\/v2\/pages"}],"about":[{"href":"http:\/\/drkaratutlu.com\/en\/wp-json\/wp\/v2\/types\/page"}],"author":[{"embeddable":true,"href":"http:\/\/drkaratutlu.com\/en\/wp-json\/wp\/v2\/users\/1"}],"replies":[{"embeddable":true,"href":"http:\/\/drkaratutlu.com\/en\/wp-json\/wp\/v2\/comments?post=1033"}],"version-history":[{"count":2,"href":"http:\/\/drkaratutlu.com\/en\/wp-json\/wp\/v2\/pages\/1033\/revisions"}],"predecessor-version":[{"id":1035,"href":"http:\/\/drkaratutlu.com\/en\/wp-json\/wp\/v2\/pages\/1033\/revisions\/1035"}],"wp:attachment":[{"href":"http:\/\/drkaratutlu.com\/en\/wp-json\/wp\/v2\/media?parent=1033"}],"curies":[{"name":"wp","href":"https:\/\/api.w.org\/{rel}","templated":true}]}}