{"id":455,"date":"2018-10-24T01:56:45","date_gmt":"2018-10-23T22:56:45","guid":{"rendered":"http:\/\/drkaratutlu.com\/en\/?page_id=455"},"modified":"2021-09-28T08:38:25","modified_gmt":"2021-09-28T05:38:25","slug":"proceedings","status":"publish","type":"page","link":"http:\/\/drkaratutlu.com\/en\/proceedings\/","title":{"rendered":"Proceedings"},"content":{"rendered":"<p><strong>Gamma Radiation Effect on Ytterbium-Doped Optical Fibers:<br \/>\nInvestigation of Color Centers<\/strong><\/p>\n<p>E. Kendir, Y. Midilli, H. \u00c7ami\u00e7i, <strong>A. Karatutlu<\/strong>, E. Yapar Y\u0131ld\u0131r\u0131m, and\u00a0B.\u00a0Orta\u00e7<br \/>\nCLEO\/EUROPE-EQEC\u20192021,\u00a0Munich,\u00a0Germany (Held Online),\u00a021-25\u00a0June\u00a02021,\u00a0paper\u00a0CJ-9.4<\/p>\n<p><strong>Au-Capped Si Nanowhiskers for Size-Dependent Improved Fluorescence of Fluorophores<\/strong><\/p>\n<p><strong>A. Karatutlu<\/strong>, \u0130. \u015eeker, M. Karakiz, K. G\u00f6lc\u00fck and\u00a0B.\u00a0Orta\u00e7<br \/>\nCLEO\/EUROPE-EQEC\u20192021,\u00a0Munich,\u00a0Germany (Held Online),\u00a021-25\u00a0June\u00a02021,\u00a0paper\u00a0CL-5.4<\/p>\n<p><strong>High-Power Cladding Light Stripper with Vapor Deposition of<br \/>\nPolyethersulfone<\/strong><\/p>\n<p>B. \u015eim\u015fek, O. Akta\u015f, <strong>A. Karatutlu<\/strong>, \u00a0A. Ba\u015faran, E. Yapar Y\u0131ld\u0131r\u0131m, Y. Midilli and\u00a0B.\u00a0Orta\u00e7<br \/>\nCLEO\/EUROPE-EQEC\u20192021,\u00a0Munich,\u00a0Germany (Held Online),\u00a021-25\u00a0June\u00a02021,\u00a0paper\u00a0CJ-8.5<\/p>\n<p><strong>Production of Biaxial-Polarization-Maintaining Optical Fiber with Panda-Type and Elliptical-Core Geometry<\/strong><\/p>\n<p><strong>A. Karatutlu<\/strong>, E. Yapar Y\u0131ld\u0131r\u0131m, E. Kendir and\u00a0B.\u00a0Orta\u00e7<br \/>\nCLEO\/EUROPE-EQEC\u20192021,\u00a0Munich,\u00a0Germany (Held Online),\u00a021-25\u00a0June\u00a02021,\u00a0paper\u00a0CE-P.11<\/p>\n<p><strong>Combinatorial Buffered Oxide Etching Method for High-Power Cladding LightStripper<\/strong><\/p>\n<p>E. YAPAR YILDIRIM, <strong>A. KARATUTLU<\/strong>, E. T. BALK, Y. M\u0130D\u0130LL\u0130 &amp; B. ORTA\u00c7, A, Oral Presentation, 2019 Conference on Lasers &amp; Electro-Optics \/ Europe andEuropean Quantum Electronics Conference (CLEO\u00ae \/ Europe-EQEC), 23 June 2019,27 June 2019<\/p>\n<p><strong><span class=\"fontstyle0\">Y\u00fcksek G\u00fc\u00e7te K\u0131l\u0131f I\u015f\u0131\u011f\u0131 S\u0131y\u0131r\u0131c\u0131larda M\u00fchendislik Teknikleri<\/span><\/strong><\/p>\n<p><span class=\"fontstyle0\"><strong>A. KARATUTLU<\/strong>, E. YAPAR YILDIRIM, B. \u015e\u0130M\u015eEK, A. BA\u015eARAN, E. T. BALK, Y. M\u0130D\u0130LL\u0130<br \/>\n&amp; B. ORTA\u00c7, Adim Fizik G\u00fcnleri Vii, 23 May 2018, 25 October 2018.<\/span><\/p>\n<p><span class=\"fontstyle0\"><strong>Germanyum Nanopar\u00e7aciklarinin Karbon Nanot\u00fcp I\u00e7erisinde Taze Fasulye Misali G\u00f6m\u00fcl\u00fc Elde Edilmesi<\/strong><br \/>\n<strong>A. KARATUTLU<\/strong>, F. S. BOI, R. WILSON, O. ERSOY &amp; A. SAPELKIN, \u00a0Ad\u0131m Fizik G\u00fcnleri V, 21 April 2016, 23 April 2016.<\/span><\/p>\n<p><span class=\"fontstyle0\"><strong>SOURCE MICROPHONE IDENTIFICATION USING MULTITAPER<\/strong><br \/>\n<strong>MFCC FEATURES, INTERNATIONAL CONFERENCE ON ELECTRICAL<\/strong><br \/>\n<strong>AND ELECTRONICS ENGINEERING<\/strong><br \/>\n<strong>A. KARATUTLU<\/strong>\u00a0, 26 November 2015, 26 November 2015, ELECO2015, PAPERID:176, 1 &#8211; 5<\/span><\/p>\n<p><strong><span class=\"fontstyle0\">DETECT\u0130ON OF PARKINSONS DISEASE FROM VOCAL FEATURES USING RANDOM SUBSPACE CLASSIFIER ENSEMBLE<\/span><\/strong><\/p>\n<p><span class=\"fontstyle0\"><strong>A. KARATUTLU<\/strong>, 12TH INTERNAT\u0130ONAL CONFERENCE ON ELECTRON\u0130CS, COMPUTER AND<br \/>\nCOMPUTAT\u0130ON (ICECO 2015), 27 September 2015, 27 September 2015.<\/span><\/p>\n<p><span class=\"fontstyle0\"><strong>SYSTEMAT\u0130C ANNEAL\u0130NG OF FREE-STAND\u0130NG GE NANOPART\u0130CLES IN H2\/AR (%5\/%95) GAS MED\u0130UM<\/strong><br \/>\n<strong>A. KARATUTLU<\/strong>, S\u00f6zl\u00fc Sunum, THE WORLD CONGRESS ON NEW TECHNOLOG\u0130ES\u00a0 <\/span><span class=\"fontstyle0\">NEWTECH2015, <\/span><span class=\"fontstyle0\">17 July 2015,\u00a0 PAPER NO.386, 386-1 &#8211; 386-5.<\/span><\/p>\n<p><span class=\"fontstyle0\"><strong> Synthesis Of Colloidal Ge Quantum Dots And Its Viability In Living Cells,<\/strong><br \/>\n<strong>A. KARATUTLU<\/strong>, M. SONG, O. ERSOY, W. R. LITTLE, Y. ZHANG, A. P WHEELER, P. PUECH, F. S BOI, Z. LUKLINSKA &amp; A. SAPELKIN,\u00a0 E-mrs 2013 Fall Meeting, 16 September 2013, 20 September 2013.<\/span><\/p>\n<p><span class=\"fontstyle0\"><strong>OD-XAS AND EXAFS: STRUCTURE AND LUMINESCENCE IN GE QUANTUM DOTS<\/strong><br \/>\n<strong><span class=\"nowrap\">A Karatutlu<\/span><\/strong>,\u00a0<span class=\"nowrap\">W R Little<\/span>,\u00a0<span class=\"nowrap\">A V Sapelkin<\/span>,\u00a0<span class=\"nowrap\">A Dent<\/span>,\u00a0<span class=\"nowrap\">F Mosselmans<\/span>,\u00a0<span class=\"nowrap\">G Cibin<\/span>\u00a0and\u00a0<span class=\"nowrap\">R Taylor, <\/span>15TH CONFERENCE ON X-RAY ABSORPTION FINE STRUCTURE , (Oral Presentation) 08 July 2012, 08 July 2012, 430, 012026, 1 &#8211; 6.<br \/>\n<\/span><\/p>\n<p><strong><span class=\"fontstyle0\">Raman and Photoluminescence Study Of Chemically And Physically Prepared Ge Nanoparticles<\/span><\/strong><\/p>\n<p><span class=\"fontstyle0\"><strong>A. KARATUTLU<\/strong>, W. R. LITTLE &amp; A. SAPELKIN, S\u00f6zl\u00fc Sunum, 17th International Summer School On Vacuum, Electron And Ion Technologies, 19 September 2011, 23 September 2011.<\/span><\/p>\n","protected":false},"excerpt":{"rendered":"<p>Gamma Radiation Effect on Ytterbium-Doped Optical Fibers: Investigation of Color Centers E. Kendir, Y. Midilli, H. \u00c7ami\u00e7i, A. Karatutlu, E. Yapar Y\u0131ld\u0131r\u0131m, and\u00a0B.\u00a0Orta\u00e7 CLEO\/EUROPE-EQEC\u20192021,\u00a0Munich,\u00a0Germany (Held Online),\u00a021-25\u00a0June\u00a02021,\u00a0paper\u00a0CJ-9.4 Au-Capped Si Nanowhiskers for Size-Dependent Improved Fluorescence of Fluorophores A. Karatutlu, \u0130. \u015eeker, M. Karakiz, K. G\u00f6lc\u00fck and\u00a0B.\u00a0Orta\u00e7 CLEO\/EUROPE-EQEC\u20192021,\u00a0Munich,\u00a0Germany (Held Online),\u00a021-25\u00a0June\u00a02021,\u00a0paper\u00a0CL-5.4 High-Power Cladding Light Stripper with Vapor Deposition of [&hellip;]<\/p>\n","protected":false},"author":1,"featured_media":0,"parent":0,"menu_order":0,"comment_status":"closed","ping_status":"closed","template":"","meta":{"footnotes":""},"class_list":["post-455","page","type-page","status-publish","hentry"],"_links":{"self":[{"href":"http:\/\/drkaratutlu.com\/en\/wp-json\/wp\/v2\/pages\/455","targetHints":{"allow":["GET"]}}],"collection":[{"href":"http:\/\/drkaratutlu.com\/en\/wp-json\/wp\/v2\/pages"}],"about":[{"href":"http:\/\/drkaratutlu.com\/en\/wp-json\/wp\/v2\/types\/page"}],"author":[{"embeddable":true,"href":"http:\/\/drkaratutlu.com\/en\/wp-json\/wp\/v2\/users\/1"}],"replies":[{"embeddable":true,"href":"http:\/\/drkaratutlu.com\/en\/wp-json\/wp\/v2\/comments?post=455"}],"version-history":[{"count":6,"href":"http:\/\/drkaratutlu.com\/en\/wp-json\/wp\/v2\/pages\/455\/revisions"}],"predecessor-version":[{"id":975,"href":"http:\/\/drkaratutlu.com\/en\/wp-json\/wp\/v2\/pages\/455\/revisions\/975"}],"wp:attachment":[{"href":"http:\/\/drkaratutlu.com\/en\/wp-json\/wp\/v2\/media?parent=455"}],"curies":[{"name":"wp","href":"https:\/\/api.w.org\/{rel}","templated":true}]}}